{"id":52,"date":"2024-02-20T11:46:49","date_gmt":"2024-02-20T10:46:49","guid":{"rendered":"https:\/\/chille.es\/?post_type=product&#038;p=52"},"modified":"2024-02-20T11:46:49","modified_gmt":"2024-02-20T10:46:49","slug":"maletin-110-herramientas","status":"publish","type":"product","link":"https:\/\/chille.es\/index.php\/product\/maletin-110-herramientas\/","title":{"rendered":"Malet\u00edn 110 herramientas"},"content":{"rendered":"<p>\u00a1Prep\u00e1rate para enfrentar cualquier tarea con el malet\u00edn de herramientas de 110 piezas! Este completo conjunto es la soluci\u00f3n perfecta para todas tus necesidades de bricolaje, reparaci\u00f3n y mantenimiento, ya sea en casa, en el taller o en el trabajo.<\/p>\n<p>Con una impresionante variedad de herramientas que incluyen llaves de diferentes tama\u00f1os, destornilladores, alicates, llaves hexagonales, martillo, nivel de burbuja y mucho m\u00e1s, este malet\u00edn te proporciona la herramienta adecuada para cada trabajo. Desde peque\u00f1as reparaciones hasta proyectos m\u00e1s grandes, tendr\u00e1s todo lo que necesitas al alcance de tu mano.<\/p>\n<p>Cada herramienta est\u00e1 fabricada con materiales de alta calidad y dise\u00f1ada para ofrecer un rendimiento duradero y confiable. Adem\u00e1s, el malet\u00edn est\u00e1 organizado de manera inteligente para que puedas encontrar f\u00e1cilmente la herramienta que necesitas en el momento justo. Su dise\u00f1o compacto y port\u00e1til te permite llevarlo contigo a cualquier lugar, asegur\u00e1ndote de estar siempre preparado para cualquier eventualidad.<\/p>\n","protected":false},"excerpt":{"rendered":"<p>\u00a1Prep\u00e1rate para enfrentar cualquier tarea con el malet\u00edn de herramientas de 110 piezas! Este completo conjunto es la soluci\u00f3n perfecta para todas tus necesidades de bricolaje, reparaci\u00f3n y mantenimiento, ya sea en casa, en el taller o en el trabajo. Con una impresionante variedad de herramientas que incluyen llaves de diferentes tama\u00f1os, destornilladores, alicates, llaves [&#8230;]\n","protected":false},"featured_media":48,"comment_status":"open","ping_status":"closed","template":"","meta":{"om_disable_all_campaigns":false,"_monsterinsights_skip_tracking":false,"_monsterinsights_sitenote_active":false,"_monsterinsights_sitenote_note":"","_monsterinsights_sitenote_category":0},"product_cat":[15],"product_tag":[],"aioseo_notices":[],"_links":{"self":[{"href":"https:\/\/chille.es\/index.php\/wp-json\/wp\/v2\/product\/52"}],"collection":[{"href":"https:\/\/chille.es\/index.php\/wp-json\/wp\/v2\/product"}],"about":[{"href":"https:\/\/chille.es\/index.php\/wp-json\/wp\/v2\/types\/product"}],"replies":[{"embeddable":true,"href":"https:\/\/chille.es\/index.php\/wp-json\/wp\/v2\/comments?post=52"}],"wp:featuredmedia":[{"embeddable":true,"href":"https:\/\/chille.es\/index.php\/wp-json\/wp\/v2\/media\/48"}],"wp:attachment":[{"href":"https:\/\/chille.es\/index.php\/wp-json\/wp\/v2\/media?parent=52"}],"wp:term":[{"taxonomy":"product_cat","embeddable":true,"href":"https:\/\/chille.es\/index.php\/wp-json\/wp\/v2\/product_cat?post=52"},{"taxonomy":"product_tag","embeddable":true,"href":"https:\/\/chille.es\/index.php\/wp-json\/wp\/v2\/product_tag?post=52"}],"curies":[{"name":"wp","href":"https:\/\/api.w.org\/{rel}","templated":true}]}}