{"id":54,"date":"2024-02-20T11:48:43","date_gmt":"2024-02-20T10:48:43","guid":{"rendered":"https:\/\/chille.es\/?post_type=product&#038;p=54"},"modified":"2024-02-20T11:48:43","modified_gmt":"2024-02-20T10:48:43","slug":"juego-de-llaves-de-vaso","status":"publish","type":"product","link":"https:\/\/chille.es\/index.php\/product\/juego-de-llaves-de-vaso\/","title":{"rendered":"Juego de llaves de vaso"},"content":{"rendered":"<p>\u00a1Domina tus proyectos mec\u00e1nicos con el juego de llaves de vaso de 72 dientes 1\/4 Ironside de 35 piezas! Este completo conjunto es la elecci\u00f3n perfecta para cualquier entusiasta del bricolaje, mec\u00e1nico aficionado o profesional que busque calidad y versatilidad en sus herramientas.<\/p>\n<p>Cada pieza de este juego est\u00e1 dise\u00f1ada con precisi\u00f3n y fabricada con materiales de alta calidad para garantizar un rendimiento excepcional y una durabilidad a largo plazo. Las llaves de vaso de 72 dientes ofrecen una precisi\u00f3n y eficiencia inigualables, permiti\u00e9ndote trabajar en espacios reducidos con facilidad y sin comprometer la potencia.<\/p>\n","protected":false},"excerpt":{"rendered":"<p>\u00a1Domina tus proyectos mec\u00e1nicos con el juego de llaves de vaso de 72 dientes 1\/4 Ironside de 35 piezas! Este completo conjunto es la elecci\u00f3n perfecta para cualquier entusiasta del bricolaje, mec\u00e1nico aficionado o profesional que busque calidad y versatilidad en sus herramientas. Cada pieza de este juego est\u00e1 dise\u00f1ada con precisi\u00f3n y fabricada con [&#8230;]\n","protected":false},"featured_media":49,"comment_status":"open","ping_status":"closed","template":"","meta":{"om_disable_all_campaigns":false,"_monsterinsights_skip_tracking":false,"_monsterinsights_sitenote_active":false,"_monsterinsights_sitenote_note":"","_monsterinsights_sitenote_category":0},"product_cat":[15],"product_tag":[],"aioseo_notices":[],"_links":{"self":[{"href":"https:\/\/chille.es\/index.php\/wp-json\/wp\/v2\/product\/54"}],"collection":[{"href":"https:\/\/chille.es\/index.php\/wp-json\/wp\/v2\/product"}],"about":[{"href":"https:\/\/chille.es\/index.php\/wp-json\/wp\/v2\/types\/product"}],"replies":[{"embeddable":true,"href":"https:\/\/chille.es\/index.php\/wp-json\/wp\/v2\/comments?post=54"}],"wp:featuredmedia":[{"embeddable":true,"href":"https:\/\/chille.es\/index.php\/wp-json\/wp\/v2\/media\/49"}],"wp:attachment":[{"href":"https:\/\/chille.es\/index.php\/wp-json\/wp\/v2\/media?parent=54"}],"wp:term":[{"taxonomy":"product_cat","embeddable":true,"href":"https:\/\/chille.es\/index.php\/wp-json\/wp\/v2\/product_cat?post=54"},{"taxonomy":"product_tag","embeddable":true,"href":"https:\/\/chille.es\/index.php\/wp-json\/wp\/v2\/product_tag?post=54"}],"curies":[{"name":"wp","href":"https:\/\/api.w.org\/{rel}","templated":true}]}}