{"id":73,"date":"2024-02-20T12:19:07","date_gmt":"2024-02-20T11:19:07","guid":{"rendered":"https:\/\/chille.es\/?post_type=product&#038;p=73"},"modified":"2024-02-20T12:19:07","modified_gmt":"2024-02-20T11:19:07","slug":"juego-de-llaves-de-vaso-2","status":"publish","type":"product","link":"https:\/\/chille.es\/index.php\/product\/juego-de-llaves-de-vaso-2\/","title":{"rendered":"Juego de llaves de vaso"},"content":{"rendered":"<p>Domina cualquier proyecto mec\u00e1nico con el juego de llaves de vaso Ironside de 72 dientes. Con 49 piezas de alta calidad, este conjunto ofrece versatilidad y precisi\u00f3n en cada trabajo. Dise\u00f1ado para resistir el uso intensivo, este juego es imprescindible para cualquier taller o aficionado a la mec\u00e1nica. \u00a1Haz que tus reparaciones sean m\u00e1s f\u00e1ciles y eficientes con este completo conjunto de herramientas!<\/p>\n","protected":false},"excerpt":{"rendered":"<p>Domina cualquier proyecto mec\u00e1nico con el juego de llaves de vaso Ironside de 72 dientes. Con 49 piezas de alta calidad, este conjunto ofrece versatilidad y precisi\u00f3n en cada trabajo. Dise\u00f1ado para resistir el uso intensivo, este juego es imprescindible para cualquier taller o aficionado a la mec\u00e1nica. \u00a1Haz que tus reparaciones sean m\u00e1s f\u00e1ciles [&#8230;]\n","protected":false},"featured_media":74,"comment_status":"open","ping_status":"closed","template":"","meta":{"om_disable_all_campaigns":false,"_monsterinsights_skip_tracking":false,"_monsterinsights_sitenote_active":false,"_monsterinsights_sitenote_note":"","_monsterinsights_sitenote_category":0},"product_cat":[15],"product_tag":[],"aioseo_notices":[],"_links":{"self":[{"href":"https:\/\/chille.es\/index.php\/wp-json\/wp\/v2\/product\/73"}],"collection":[{"href":"https:\/\/chille.es\/index.php\/wp-json\/wp\/v2\/product"}],"about":[{"href":"https:\/\/chille.es\/index.php\/wp-json\/wp\/v2\/types\/product"}],"replies":[{"embeddable":true,"href":"https:\/\/chille.es\/index.php\/wp-json\/wp\/v2\/comments?post=73"}],"wp:featuredmedia":[{"embeddable":true,"href":"https:\/\/chille.es\/index.php\/wp-json\/wp\/v2\/media\/74"}],"wp:attachment":[{"href":"https:\/\/chille.es\/index.php\/wp-json\/wp\/v2\/media?parent=73"}],"wp:term":[{"taxonomy":"product_cat","embeddable":true,"href":"https:\/\/chille.es\/index.php\/wp-json\/wp\/v2\/product_cat?post=73"},{"taxonomy":"product_tag","embeddable":true,"href":"https:\/\/chille.es\/index.php\/wp-json\/wp\/v2\/product_tag?post=73"}],"curies":[{"name":"wp","href":"https:\/\/api.w.org\/{rel}","templated":true}]}}